{"id":6910,"date":"2024-08-14T11:13:09","date_gmt":"2024-08-14T08:13:09","guid":{"rendered":"https:\/\/vakkaisannointi.fi\/dev\/?page_id=6910"},"modified":"2024-08-15T11:05:53","modified_gmt":"2024-08-15T08:05:53","slug":"usein-kysytyt-kysymykset","status":"publish","type":"page","link":"https:\/\/vakkaisannointi.fi\/dev\/usein-kysytyt-kysymykset","title":{"rendered":"Usein kysytyt kysymykset"},"content":{"rendered":"[vc_row type=&#8221;in_container&#8221; full_screen_row_position=&#8221;middle&#8221; column_margin=&#8221;default&#8221; column_direction=&#8221;default&#8221; column_direction_tablet=&#8221;default&#8221; column_direction_phone=&#8221;default&#8221; bg_color=&#8221;#ebf7fd&#8221; scene_position=&#8221;center&#8221; bottom_padding_phone=&#8221;5%&#8221; text_color=&#8221;dark&#8221; text_align=&#8221;left&#8221; row_border_radius=&#8221;none&#8221; row_border_radius_applies=&#8221;bg&#8221; overflow=&#8221;visible&#8221; overlay_strength=&#8221;0.3&#8243; gradient_direction=&#8221;left_to_right&#8221; shape_divider_position=&#8221;bottom&#8221; bg_image_animation=&#8221;none&#8221; gradient_type=&#8221;default&#8221; shape_type=&#8221;&#8221;][vc_column column_element_direction_desktop=&#8221;default&#8221; column_element_spacing=&#8221;30px&#8221; desktop_text_alignment=&#8221;default&#8221; tablet_text_alignment=&#8221;default&#8221; phone_text_alignment=&#8221;default&#8221; background_color_opacity=&#8221;1&#8243; background_hover_color_opacity=&#8221;1&#8243; column_backdrop_filter=&#8221;none&#8221; column_shadow=&#8221;none&#8221; column_border_radius=&#8221;none&#8221; column_link_target=&#8221;_self&#8221; column_position=&#8221;default&#8221; gradient_direction=&#8221;left_to_right&#8221; overlay_strength=&#8221;0.3&#8243; width=&#8221;1\/1&#8243; tablet_width_inherit=&#8221;default&#8221; animation_type=&#8221;default&#8221; bg_image_animation=&#8221;none&#8221; border_type=&#8221;simple&#8221; column_border_width=&#8221;none&#8221; column_border_style=&#8221;solid&#8221; column_padding_type=&#8221;advanced&#8221; gradient_type=&#8221;default&#8221;][vc_row_inner equal_height=&#8221;yes&#8221; content_placement=&#8221;middle&#8221; column_margin=&#8221;default&#8221; column_direction=&#8221;default&#8221; column_direction_tablet=&#8221;default&#8221; column_direction_phone=&#8221;default&#8221; text_align=&#8221;left&#8221; row_position=&#8221;default&#8221; row_position_tablet=&#8221;inherit&#8221; row_position_phone=&#8221;inherit&#8221; overflow=&#8221;visible&#8221; pointer_events=&#8221;all&#8221;][vc_column_inner column_padding=&#8221;no-extra-padding&#8221; column_padding_tablet=&#8221;inherit&#8221; column_padding_phone=&#8221;inherit&#8221; column_padding_position=&#8221;all&#8221; column_element_direction_desktop=&#8221;default&#8221; column_element_spacing=&#8221;default&#8221; desktop_text_alignment=&#8221;default&#8221; tablet_text_alignment=&#8221;default&#8221; phone_text_alignment=&#8221;default&#8221; background_color_opacity=&#8221;1&#8243; background_hover_color_opacity=&#8221;1&#8243; column_backdrop_filter=&#8221;none&#8221; column_shadow=&#8221;none&#8221; column_border_radius=&#8221;none&#8221; column_link_target=&#8221;_self&#8221; overflow=&#8221;visible&#8221; gradient_direction=&#8221;left_to_right&#8221; overlay_strength=&#8221;0.3&#8243; width=&#8221;1\/2&#8243; tablet_width_inherit=&#8221;default&#8221; animation_type=&#8221;default&#8221; bg_image_animation=&#8221;none&#8221; border_type=&#8221;simple&#8221; column_border_width=&#8221;none&#8221; column_border_style=&#8221;solid&#8221;][image_with_animation image_url=&#8221;6108&#8243; image_size=&#8221;full&#8221; animation_type=&#8221;entrance&#8221; animation=&#8221;None&#8221; animation_movement_type=&#8221;transform_y&#8221; hover_animation=&#8221;none&#8221; alignment=&#8221;&#8221; border_radius=&#8221;none&#8221; box_shadow=&#8221;none&#8221; image_loading=&#8221;default&#8221; max_width=&#8221;100%&#8221; max_width_mobile=&#8221;default&#8221;][\/vc_column_inner][vc_column_inner left_padding_desktop=&#8221;10%&#8221; right_padding_desktop=&#8221;5%&#8221; column_element_direction_desktop=&#8221;default&#8221; column_element_spacing=&#8221;default&#8221; desktop_text_alignment=&#8221;default&#8221; tablet_text_alignment=&#8221;default&#8221; phone_text_alignment=&#8221;default&#8221; background_color_opacity=&#8221;1&#8243; background_hover_color_opacity=&#8221;1&#8243; column_backdrop_filter=&#8221;none&#8221; column_shadow=&#8221;none&#8221; column_border_radius=&#8221;none&#8221; column_link_target=&#8221;_self&#8221; overflow=&#8221;visible&#8221; gradient_direction=&#8221;left_to_right&#8221; overlay_strength=&#8221;0.3&#8243; width=&#8221;1\/2&#8243; tablet_width_inherit=&#8221;default&#8221; animation_type=&#8221;default&#8221; bg_image_animation=&#8221;none&#8221; border_type=&#8221;simple&#8221; column_border_width=&#8221;none&#8221; column_border_style=&#8221;solid&#8221; column_padding_type=&#8221;advanced&#8221; gradient_type=&#8221;default&#8221;][nectar_responsive_text text_color=&#8221;#36506c&#8221; text_direction=&#8221;default&#8221; font_size_desktop=&#8221;58&#8243; font_line_height=&#8221;1.2&#8243; font_size_phone=&#8221;47&#8243;]\n<h1>Usein kysytyt kysymykset<\/h1>\n[\/nectar_responsive_text][nectar_btn size=&#8221;large&#8221; button_style=&#8221;regular&#8221; button_color_2=&#8221;Accent-Color&#8221; icon_family=&#8221;none&#8221; text=&#8221;Ota yhteytt\u00e4&#8221; url=&#8221;\/ota-yhteytta&#8221; margin_top=&#8221;10&#8243;][\/vc_column_inner][\/vc_row_inner][\/vc_column][\/vc_row][vc_row type=&#8221;full_width_background&#8221; full_screen_row_position=&#8221;middle&#8221; column_margin=&#8221;default&#8221; column_direction=&#8221;default&#8221; column_direction_tablet=&#8221;default&#8221; column_direction_phone=&#8221;default&#8221; bg_color=&#8221;#ffffff&#8221; scene_position=&#8221;center&#8221; top_padding=&#8221;4%&#8221; bottom_padding=&#8221;7%&#8221; top_padding_phone=&#8221;8%&#8221; constrain_group_5=&#8221;yes&#8221; bottom_padding_phone=&#8221;8%&#8221; text_color=&#8221;dark&#8221; text_align=&#8221;left&#8221; row_border_radius=&#8221;none&#8221; row_border_radius_applies=&#8221;bg&#8221; overflow=&#8221;visible&#8221; overlay_strength=&#8221;0.3&#8243; gradient_direction=&#8221;left_to_right&#8221; shape_divider_position=&#8221;bottom&#8221; bg_image_animation=&#8221;none&#8221; gradient_type=&#8221;default&#8221; shape_type=&#8221;&#8221;][vc_column left_padding_desktop=&#8221;8%&#8221; constrain_group_101=&#8221;yes&#8221; right_padding_desktop=&#8221;8%&#8221; column_element_direction_desktop=&#8221;default&#8221; column_element_spacing=&#8221;default&#8221; desktop_text_alignment=&#8221;default&#8221; tablet_text_alignment=&#8221;default&#8221; phone_text_alignment=&#8221;default&#8221; background_color_opacity=&#8221;1&#8243; background_hover_color_opacity=&#8221;1&#8243; column_backdrop_filter=&#8221;none&#8221; column_shadow=&#8221;none&#8221; column_border_radius=&#8221;none&#8221; column_link_target=&#8221;_self&#8221; column_position=&#8221;default&#8221; gradient_direction=&#8221;left_to_right&#8221; overlay_strength=&#8221;0.3&#8243; width=&#8221;1\/1&#8243; tablet_width_inherit=&#8221;default&#8221; animation_type=&#8221;default&#8221; bg_image_animation=&#8221;none&#8221; border_type=&#8221;simple&#8221; column_border_width=&#8221;none&#8221; column_border_style=&#8221;solid&#8221; column_padding_type=&#8221;advanced&#8221; gradient_type=&#8221;default&#8221;][toggles style=&#8221;minimal&#8221;][toggle color=&#8221;Default&#8221; heading_tag=&#8221;h5&#8243; heading_tag_functionality=&#8221;default&#8221; title=&#8221;Mit\u00e4 eroa on is\u00e4nn\u00f6itsij\u00e4ll\u00e4 ja kiinteist\u00f6huollolla?&#8221;][vc_column_text css=&#8221;&#8221; text_direction=&#8221;default&#8221;]Is\u00e4nn\u00f6itsij\u00e4n teht\u00e4v\u00e4n\u00e4 on huolehtia taloyhti\u00f6n johtamisesta ja ty\u00f6skentelyst\u00e4 muun muassa taloyhti\u00f6n hallituksen kanssa. Huoltoyhti\u00f6 tai kiinteist\u00f6huolto sen sijaan vastaa esimerkiksi vikailmoituksista, lumit\u00f6ist\u00e4, nurmikon leikkaamisesta, sek\u00e4 taloyhti\u00f6n huolto- ja korjaust\u00f6ist\u00e4. Is\u00e4nn\u00f6itsij\u00e4 tekee tiivist\u00e4 yhteisty\u00f6t\u00e4 kiinteist\u00f6huollon kanssa sujuvan asumisen mahdollistamiseksi.[\/vc_column_text][\/toggle][toggle color=&#8221;Default&#8221; heading_tag=&#8221;h5&#8243; heading_tag_functionality=&#8221;default&#8221; title=&#8221;Miten teen muuttoilmoituksen?&#8221;][vc_column_text css=&#8221;&#8221; text_direction=&#8221;default&#8221;]Muuttoilmoitus tulee tehd\u00e4 digi- ja v\u00e4est\u00f6virastolle ja sen voi tehd\u00e4 digitaalisesti osoitteessa <a href=\"https:\/\/dvv.fi\/muutto\" target=\"_blank\" rel=\"noopener\">https:\/\/dvv.fi\/muutto<\/a> . Lis\u00e4ksi muuttoilmoitus tehd\u00e4\u00e4n is\u00e4nn\u00f6itsij\u00e4lle ja huoltoyhti\u00f6lle, joka vaihtaa nimen oveen.[\/vc_column_text][\/toggle][toggle color=&#8221;Default&#8221; heading_tag=&#8221;h5&#8243; heading_tag_functionality=&#8221;default&#8221; title=&#8221;Mit\u00e4 teen, jos hukkaan avaimeni?&#8221;][vc_column_text css=&#8221;&#8221; text_direction=&#8221;default&#8221;]Jos hukkaat kotisi avaimen, voit olla yhteydess\u00e4 asiakaspalveluumme, niin autamme sinua tilaamaan lukon uudelleensarjoituksen ja uudet avaimet. Oven avauksesta vastaa kiinteist\u00f6huolto, jonka numeron saat taloyhti\u00f6n ilmoitustaululta tai <a href=\"\/ota-yhteytta\">ottamalla yhteytt\u00e4<\/a> meihin.[\/vc_column_text][\/toggle][toggle color=&#8221;Default&#8221; heading_tag=&#8221;h5&#8243; heading_tag_functionality=&#8221;default&#8221; title=&#8221;Kenen vastuulla asunnossa havaitut viat ovat?&#8221;][vc_column_text css=&#8221;&#8221; text_direction=&#8221;default&#8221;]Asunnossa l\u00f6ytyv\u00e4t viat ovat aina joko taloyhti\u00f6n tai osakkaan vastuulla. Huolto- ja korjausvastuut l\u00f6yd\u00e4t sivuillamme olevasta <a href=\"\/vastuunjakotaulukko\">vastuunjakotaulukosta.<\/a>[\/vc_column_text][\/toggle][toggle color=&#8221;Default&#8221; heading_tag=&#8221;h5&#8243; heading_tag_functionality=&#8221;default&#8221; title=&#8221;Kenelle ilmoitan naapurin h\u00e4iri\u00f6k\u00e4ytt\u00e4ytymisest\u00e4?&#8221;][vc_column_text css=&#8221;&#8221; text_direction=&#8221;default&#8221;]Jos naapurisi k\u00e4yt\u00f6s on h\u00e4iritsev\u00e4\u00e4, voit keskustella asiasta suoraan naapurisi kanssa tai laatia asiasta kirjallisen h\u00e4iri\u00f6ilmoituksen is\u00e4nn\u00f6itsij\u00e4lle. Toistuvat h\u00e4iri\u00f6t kannattaa kirjata yl\u00f6s ja ilmoituksessa olisi hyv\u00e4 k\u00e4yd\u00e4 ilmi h\u00e4iri\u00f6n p\u00e4iv\u00e4m\u00e4\u00e4r\u00e4 ja aika.[\/vc_column_text][\/toggle][toggle color=&#8221;Default&#8221; heading_tag=&#8221;h5&#8243; heading_tag_functionality=&#8221;default&#8221; title=&#8221;Mist\u00e4 tied\u00e4n, kuka hoitaa taloyhti\u00f6ni kiinteist\u00f6huollon&#8221;][vc_column_text css=&#8221;&#8221; text_direction=&#8221;default&#8221;]Taloyhti\u00f6si kiinteist\u00f6huollon yhteystiedot l\u00f6ytyv\u00e4t taloyhti\u00f6n ilmoitustaululta. Tarvittaessa voit my\u00f6s olla yhteydess\u00e4 asiakaspalveluumme.[\/vc_column_text][\/toggle][toggle color=&#8221;Default&#8221; heading_tag=&#8221;h5&#8243; heading_tag_functionality=&#8221;default&#8221; title=&#8221;Mit\u00e4 tarkoittaa lainaosuus? Koska voin maksaa lainaosuuden pois?&#8221;][vc_column_text css=&#8221;&#8221; text_direction=&#8221;default&#8221;]Lainaosuudella tarkoitetaan yksitt\u00e4isen osakkeenomistajan osuutta taloyhti\u00f6n ottamien lainojen kokonaism\u00e4\u00e4r\u00e4st\u00e4. Osakkeenomistajan maksama rahoitusvastike m\u00e4\u00e4r\u00e4ytyy lainaosuuden mukaan. Vuodessa on tavallisesti kaksi tilaisuutta maksaa lainaosuus kerralla pois. Mik\u00e4li sinulla on kysymyksi\u00e4 liittyen lainaosuuden poismaksamiseen, voit olla yhteydess\u00e4 asiakaspalveluumme.[\/vc_column_text][\/toggle][\/toggles][\/vc_column][\/vc_row]\n","protected":false},"excerpt":{"rendered":"<p>[vc_row type=&#8221;in_container&#8221; full_screen_row_position=&#8221;middle&#8221; column_margin=&#8221;default&#8221; column_direction=&#8221;default&#8221; column_direction_tablet=&#8221;default&#8221; column_direction_phone=&#8221;default&#8221; bg_color=&#8221;#ebf7fd&#8221; scene_position=&#8221;center&#8221; bottom_padding_phone=&#8221;5%&#8221; text_color=&#8221;dark&#8221; text_align=&#8221;left&#8221; row_border_radius=&#8221;none&#8221; row_border_radius_applies=&#8221;bg&#8221; overflow=&#8221;visible&#8221; overlay_strength=&#8221;0.3&#8243; gradient_direction=&#8221;left_to_right&#8221; shape_divider_position=&#8221;bottom&#8221; bg_image_animation=&#8221;none&#8221; gradient_type=&#8221;default&#8221; shape_type=&#8221;&#8221;][vc_column column_element_direction_desktop=&#8221;default&#8221; column_element_spacing=&#8221;30px&#8221; desktop_text_alignment=&#8221;default&#8221; tablet_text_alignment=&#8221;default&#8221; phone_text_alignment=&#8221;default&#8221; background_color_opacity=&#8221;1&#8243; background_hover_color_opacity=&#8221;1&#8243; column_backdrop_filter=&#8221;none&#8221; column_shadow=&#8221;none&#8221;&#8230;<\/p>\n","protected":false},"author":1,"featured_media":0,"parent":0,"menu_order":0,"comment_status":"closed","ping_status":"closed","template":"","meta":{"footnotes":""},"class_list":["post-6910","page","type-page","status-publish"],"_links":{"self":[{"href":"https:\/\/vakkaisannointi.fi\/dev\/wp-json\/wp\/v2\/pages\/6910","targetHints":{"allow":["GET"]}}],"collection":[{"href":"https:\/\/vakkaisannointi.fi\/dev\/wp-json\/wp\/v2\/pages"}],"about":[{"href":"https:\/\/vakkaisannointi.fi\/dev\/wp-json\/wp\/v2\/types\/page"}],"author":[{"embeddable":true,"href":"https:\/\/vakkaisannointi.fi\/dev\/wp-json\/wp\/v2\/users\/1"}],"replies":[{"embeddable":true,"href":"https:\/\/vakkaisannointi.fi\/dev\/wp-json\/wp\/v2\/comments?post=6910"}],"version-history":[{"count":5,"href":"https:\/\/vakkaisannointi.fi\/dev\/wp-json\/wp\/v2\/pages\/6910\/revisions"}],"predecessor-version":[{"id":6923,"href":"https:\/\/vakkaisannointi.fi\/dev\/wp-json\/wp\/v2\/pages\/6910\/revisions\/6923"}],"wp:attachment":[{"href":"https:\/\/vakkaisannointi.fi\/dev\/wp-json\/wp\/v2\/media?parent=6910"}],"curies":[{"name":"wp","href":"https:\/\/api.w.org\/{rel}","templated":true}]}}